{"id":8,"date":"2023-02-09T13:59:44","date_gmt":"2023-02-09T13:59:44","guid":{"rendered":"http:\/\/schauer-steuerkanzlei.de\/?page_id=8"},"modified":"2025-01-17T16:58:45","modified_gmt":"2025-01-17T16:58:45","slug":"news","status":"publish","type":"page","link":"https:\/\/www.schauer-steuerkanzlei.de\/?page_id=8","title":{"rendered":"News"},"content":{"rendered":"\t\t<div data-elementor-type=\"wp-page\" data-elementor-id=\"8\" class=\"elementor elementor-8\" data-elementor-post-type=\"page\">\n\t\t\t\t\t\t<section class=\"elementor-section elementor-top-section elementor-element elementor-element-3924dea elementor-section-height-min-height elementor-section-full_width elementor-section-height-default elementor-section-items-middle\" data-id=\"3924dea\" data-element_type=\"section\" data-e-type=\"section\" data-settings=\"{&quot;background_background&quot;:&quot;classic&quot;,&quot;shape_divider_bottom&quot;:&quot;waves&quot;,&quot;shape_divider_bottom_negative&quot;:&quot;yes&quot;}\">\n\t\t\t\t\t\t\t<div class=\"elementor-background-overlay\"><\/div>\n\t\t\t\t\t\t<div class=\"elementor-shape elementor-shape-bottom\" aria-hidden=\"true\" data-negative=\"true\">\n\t\t\t<svg xmlns=\"http:\/\/www.w3.org\/2000\/svg\" viewBox=\"0 0 1000 100\" preserveAspectRatio=\"none\">\n\t<path class=\"elementor-shape-fill\" d=\"M790.5,93.1c-59.3-5.3-116.8-18-192.6-50c-29.6-12.7-76.9-31-100.5-35.9c-23.6-4.9-52.6-7.8-75.5-5.3\n\tc-10.2,1.1-22.6,1.4-50.1,7.4c-27.2,6.3-58.2,16.6-79.4,24.7c-41.3,15.9-94.9,21.9-134,22.6C72,58.2,0,25.8,0,25.8V100h1000V65.3\n\tc0,0-51.5,19.4-106.2,25.7C839.5,97,814.1,95.2,790.5,93.1z\"\/>\n<\/svg>\t\t<\/div>\n\t\t\t\t\t<div class=\"elementor-container elementor-column-gap-default\">\n\t\t\t\t\t<div class=\"elementor-column elementor-col-100 elementor-top-column elementor-element elementor-element-67b4df3 elementor-invisible\" data-id=\"67b4df3\" data-element_type=\"column\" data-e-type=\"column\" data-settings=\"{&quot;animation&quot;:&quot;fadeInLeft&quot;}\">\n\t\t\t<div class=\"elementor-widget-wrap elementor-element-populated\">\n\t\t\t\t\t\t<div class=\"elementor-element elementor-element-df0db35 elementor-widget elementor-widget-heading\" data-id=\"df0db35\" data-element_type=\"widget\" data-e-type=\"widget\" data-widget_type=\"heading.default\">\n\t\t\t\t<div class=\"elementor-widget-container\">\n\t\t\t\t\t<h2 class=\"elementor-heading-title elementor-size-default\">Steuerkanzlei Schauer GmbH &amp; Co. KG<\/h2>\t\t\t\t<\/div>\n\t\t\t\t<\/div>\n\t\t\t\t<div class=\"elementor-element elementor-element-d244bd7 elementor-widget elementor-widget-heading\" data-id=\"d244bd7\" data-element_type=\"widget\" data-e-type=\"widget\" data-widget_type=\"heading.default\">\n\t\t\t\t<div class=\"elementor-widget-container\">\n\t\t\t\t\t<h2 class=\"elementor-heading-title elementor-size-default\">Ihre Steuern<br>im Blick<\/h2>\t\t\t\t<\/div>\n\t\t\t\t<\/div>\n\t\t\t\t<div class=\"elementor-element elementor-element-8034f97 elementor-widget elementor-widget-text-editor\" data-id=\"8034f97\" data-element_type=\"widget\" data-e-type=\"widget\" data-widget_type=\"text-editor.default\">\n\t\t\t\t<div class=\"elementor-widget-container\">\n\t\t\t\t\t\t\t\t\t<p>Herzlich Willkommen!\u00a0<\/p>\t\t\t\t\t\t\t\t<\/div>\n\t\t\t\t<\/div>\n\t\t\t\t\t<\/div>\n\t\t<\/div>\n\t\t\t\t\t<\/div>\n\t\t<\/section>\n\t\t\t\t<section class=\"elementor-section elementor-top-section elementor-element elementor-element-ac5bd77 elementor-section-boxed elementor-section-height-default elementor-section-height-default\" data-id=\"ac5bd77\" data-element_type=\"section\" data-e-type=\"section\" data-settings=\"{&quot;background_background&quot;:&quot;classic&quot;}\">\n\t\t\t\t\t\t<div class=\"elementor-container elementor-column-gap-default\">\n\t\t\t\t\t<div class=\"elementor-column elementor-col-100 elementor-top-column elementor-element elementor-element-15905ed\" data-id=\"15905ed\" data-element_type=\"column\" data-e-type=\"column\">\n\t\t\t<div class=\"elementor-widget-wrap elementor-element-populated\">\n\t\t\t\t\t\t<div class=\"elementor-element elementor-element-89798df elementor-widget elementor-widget-heading\" data-id=\"89798df\" data-element_type=\"widget\" data-e-type=\"widget\" data-widget_type=\"heading.default\">\n\t\t\t\t<div class=\"elementor-widget-container\">\n\t\t\t\t\t<h2 class=\"elementor-heading-title elementor-size-default\">Der Beruf des Steuerberaters <\/h2>\t\t\t\t<\/div>\n\t\t\t\t<\/div>\n\t\t\t\t\t<\/div>\n\t\t<\/div>\n\t\t\t\t\t<\/div>\n\t\t<\/section>\n\t\t\t\t<section class=\"elementor-section elementor-top-section elementor-element elementor-element-54442a6 elementor-section-boxed elementor-section-height-default elementor-section-height-default\" data-id=\"54442a6\" data-element_type=\"section\" data-e-type=\"section\" data-settings=\"{&quot;background_background&quot;:&quot;classic&quot;}\">\n\t\t\t\t\t\t<div class=\"elementor-container elementor-column-gap-default\">\n\t\t\t\t\t<div class=\"elementor-column elementor-col-50 elementor-top-column elementor-element elementor-element-4649db3\" data-id=\"4649db3\" data-element_type=\"column\" data-e-type=\"column\">\n\t\t\t<div class=\"elementor-widget-wrap elementor-element-populated\">\n\t\t\t\t\t\t<div class=\"elementor-element elementor-element-6139723 elementor-widget elementor-widget-text-editor\" data-id=\"6139723\" data-element_type=\"widget\" data-e-type=\"widget\" data-widget_type=\"text-editor.default\">\n\t\t\t\t<div class=\"elementor-widget-container\">\n\t\t\t\t\t\t\t\t\t<div class=\"xdj266r x11i5rnm xat24cr x1mh8g0r x1vvkbs x126k92a\"><div dir=\"auto\">Die<strong> Zukunft des Steuerberatungsberufs:<\/strong> Digital, dynamisch und dringend gesucht!<\/div><div dir=\"auto\">In der heutigen schnelllebigen, digitalen \u00c4ra hat sich die Landschaft der Finanz- und Steuerwelt drastisch ver\u00e4ndert. Diese Ver\u00e4nderungen bringen sowohl Herausforderungen als auch immense Chancen mit sich, insbesondere f\u00fcr diejenigen, die sich f\u00fcr einen Beruf in der Steuerberatung entscheiden.<\/div><\/div><div class=\"x11i5rnm xat24cr x1mh8g0r x1vvkbs xtlvy1s x126k92a\"><div dir=\"auto\"><strong>1. Digitalisierung &amp; Technologie:<\/strong> Mehr als nur Zahlen<\/div><div dir=\"auto\">Der Steuerberater von heute ist nicht mehr nur ein Zahlenjongleur, sondern auch ein technologischer Vision\u00e4r. Mit Tools f\u00fcr k\u00fcnstliche Intelligenz, automatisierte Prozesse und digitale Plattformen werden Steuererkl\u00e4rungen und Finanzanalysen immer effizienter. Dies bedeutet, dass Steuerberater sich heute in einer Position befinden, in der sie sowohl technisches Know-how erwerben als auch ihre analytischen F\u00e4higkeiten weiterentwickeln k\u00f6nnen.<\/div><\/div><div class=\"x11i5rnm xat24cr x1mh8g0r x1vvkbs xtlvy1s x126k92a\"><div dir=\"auto\"><strong>2. Ein dynamisches Arbeitsumfeld<\/strong><\/div><div dir=\"auto\">Die steuerliche Landschaft ver\u00e4ndert sich st\u00e4ndig. Dies sorgt f\u00fcr Abwechslung und st\u00e4ndige Weiterbildung \u2013 es wird nie langweilig! Zudem bietet die Vielfalt an Mandanten und Branchen eine facettenreiche Arbeitswelt.<\/div><\/div><div class=\"x11i5rnm xat24cr x1mh8g0r x1vvkbs xtlvy1s x126k92a\"><div dir=\"auto\"><strong>3. Karrierewachstum und Entwicklung<\/strong><\/div><div dir=\"auto\">Ein weiterer unschlagbarer Vorteil des Berufs des Steuerberaters ist das immense Karrierewachstum. Mit der richtigen Einstellung und dem Willen zur Weiterbildung kann man schnell Verantwortung \u00fcbernehmen und sich spezialisieren.<\/div><\/div>\t\t\t\t\t\t\t\t<\/div>\n\t\t\t\t<\/div>\n\t\t\t\t\t<\/div>\n\t\t<\/div>\n\t\t\t\t<div class=\"elementor-column elementor-col-50 elementor-top-column elementor-element elementor-element-f327e3e\" data-id=\"f327e3e\" data-element_type=\"column\" data-e-type=\"column\">\n\t\t\t<div class=\"elementor-widget-wrap elementor-element-populated\">\n\t\t\t\t\t\t<div class=\"elementor-element elementor-element-815c90d elementor-widget elementor-widget-text-editor\" data-id=\"815c90d\" data-element_type=\"widget\" data-e-type=\"widget\" data-widget_type=\"text-editor.default\">\n\t\t\t\t<div class=\"elementor-widget-container\">\n\t\t\t\t\t\t\t\t\t<p><strong>Junge Talente willkommen:<\/strong> Unsere Kanzlei in Laufen.<\/p><p>F\u00fcr junge Menschen, die bereit sind, sich den modernen Anforderungen der Branche zu stellen, bietet unsere Kanzlei in Laufen (83410) eine einzigartige Plattform. Wir glauben an das Potenzial der jungen Generation und geben ihnen die Chance, alles zu werden \u2013 vom Einsteiger bis zum Partner.<\/p><p><strong>Warum bei uns starten?<\/strong><\/p><p>Praxisorientierte Ausbildung: Lernen Sie von erfahrenen Mentoren und arbeiten Sie von Anfang an mit echten Mandanten.<\/p><p><strong>Digitale Vorreiter:<\/strong> Tauchen Sie in die Welt der digitalen Steuerberatung ein und gestalten Sie diese aktiv mit.<\/p><p><strong style=\"color: var( --e-global-color-text ); font-family: var( --e-global-typography-text-font-family ), Sans-serif; font-size: 1rem;\">Individuelle Karrierewege:<\/strong><span style=\"color: var( --e-global-color-text ); font-family: var( --e-global-typography-text-font-family ), Sans-serif; font-weight: var( --e-global-typography-text-font-weight ); font-size: 1rem;\"> Bei uns gibt es keine starren Strukturen. Zeigen Sie Engagement und Leistung, und Sie k\u00f6nnen Ihren eigenen Weg gehen.<\/span><\/p><p><strong>Fazit<\/strong><\/p><p>Der Beruf des Steuerberaters hat in der heutigen Zeit mehr zu bieten als je zuvor. Er ist abwechslungsreich, zukunftsorientiert und bietet enorme Karrierechancen. F\u00fcr diejenigen, die eine Karriere in diesem spannenden Bereich anstreben, bietet unsere Kanzlei in Laufen den idealen Startpunkt.<\/p><p>Interessiert? Wir freuen uns darauf, junge Talente wie Sie zu treffen. Werden Sie Teil unserer Vision und bewerben Sie sich jetzt:\u00a0 <a href=\"https:\/\/www.schauer-steuerkanzlei.de\/?page_id=66#link-popup\">ONLINEBEWERBUNG\u00a0<\/a><\/p>\t\t\t\t\t\t\t\t<\/div>\n\t\t\t\t<\/div>\n\t\t\t\t\t<\/div>\n\t\t<\/div>\n\t\t\t\t\t<\/div>\n\t\t<\/section>\n\t\t\t\t<section class=\"elementor-section elementor-top-section elementor-element elementor-element-41d8046 elementor-section-height-min-height elementor-section-full_width elementor-section-height-default elementor-section-items-middle\" data-id=\"41d8046\" data-element_type=\"section\" data-e-type=\"section\" data-settings=\"{&quot;background_background&quot;:&quot;classic&quot;}\">\n\t\t\t\t\t\t<div class=\"elementor-container elementor-column-gap-no\">\n\t\t\t\t\t<div class=\"elementor-column elementor-col-100 elementor-top-column elementor-element elementor-element-e4735db\" data-id=\"e4735db\" data-element_type=\"column\" data-e-type=\"column\">\n\t\t\t<div class=\"elementor-widget-wrap elementor-element-populated\">\n\t\t\t\t\t\t<section class=\"elementor-section elementor-inner-section elementor-element elementor-element-4cb4b8e elementor-section-full_width elementor-section-height-default elementor-section-height-default\" data-id=\"4cb4b8e\" data-element_type=\"section\" data-e-type=\"section\">\n\t\t\t\t\t\t<div class=\"elementor-container elementor-column-gap-no\">\n\t\t\t\t\t<div class=\"elementor-column elementor-col-50 elementor-inner-column elementor-element elementor-element-8707b17\" data-id=\"8707b17\" data-element_type=\"column\" data-e-type=\"column\">\n\t\t\t<div class=\"elementor-widget-wrap elementor-element-populated\">\n\t\t\t\t\t\t<div class=\"elementor-element elementor-element-0049d2b elementor-widget-laptop__width-initial elementor-widget elementor-widget-image\" data-id=\"0049d2b\" data-element_type=\"widget\" data-e-type=\"widget\" data-widget_type=\"image.default\">\n\t\t\t\t<div class=\"elementor-widget-container\">\n\t\t\t\t\t\t\t\t\t\t\t\t<figure class=\"wp-caption\">\n\t\t\t\t\t\t\t\t\t\t<img fetchpriority=\"high\" decoding=\"async\" width=\"1024\" height=\"768\" src=\"https:\/\/www.schauer-steuerkanzlei.de\/wp-content\/uploads\/2023\/07\/Wandern.jpg\" class=\"elementor-animation-bob attachment-1536x1536 size-1536x1536 wp-image-1399\" alt=\"\" srcset=\"https:\/\/www.schauer-steuerkanzlei.de\/wp-content\/uploads\/2023\/07\/Wandern.jpg 1024w, https:\/\/www.schauer-steuerkanzlei.de\/wp-content\/uploads\/2023\/07\/Wandern-300x225.jpg 300w, https:\/\/www.schauer-steuerkanzlei.de\/wp-content\/uploads\/2023\/07\/Wandern-768x576.jpg 768w\" sizes=\"(max-width: 1024px) 100vw, 1024px\" \/>\t\t\t\t\t\t\t\t\t\t\t<figcaption class=\"widget-image-caption wp-caption-text\"><\/figcaption>\n\t\t\t\t\t\t\t\t\t\t<\/figure>\n\t\t\t\t\t\t\t\t\t<\/div>\n\t\t\t\t<\/div>\n\t\t\t\t\t<\/div>\n\t\t<\/div>\n\t\t\t\t<div class=\"elementor-column elementor-col-50 elementor-inner-column elementor-element elementor-element-2569706\" data-id=\"2569706\" data-element_type=\"column\" data-e-type=\"column\">\n\t\t\t<div class=\"elementor-widget-wrap elementor-element-populated\">\n\t\t\t\t\t\t<div class=\"elementor-element elementor-element-5f06f56 elementor-widget elementor-widget-heading\" data-id=\"5f06f56\" data-element_type=\"widget\" data-e-type=\"widget\" data-widget_type=\"heading.default\">\n\t\t\t\t<div class=\"elementor-widget-container\">\n\t\t\t\t\t<h2 class=\"elementor-heading-title elementor-size-default\">Betriebsausflug <\/h2>\t\t\t\t<\/div>\n\t\t\t\t<\/div>\n\t\t\t\t<div class=\"elementor-element elementor-element-e7db5f2 elementor-widget-laptop__width-initial elementor-widget elementor-widget-text-editor\" data-id=\"e7db5f2\" data-element_type=\"widget\" data-e-type=\"widget\" data-widget_type=\"text-editor.default\">\n\t\t\t\t<div class=\"elementor-widget-container\">\n\t\t\t\t\t\t\t\t\t<div><b>Unvergesslicher Betriebsausflug nach Berchtesgaden: Naturerlebnis am K\u00f6nigssee und &#8222;Absacker&#8220; bei De Martin in Laufen!<\/b><\/div><div>\u00a0<\/div><div>Liebe Freunde unserer Kanzlei,<\/div><div>wir m\u00f6chten euch von unserem unvergesslichen Betriebsausflug nach Berchtesgaden berichten. Ein Tag voller Naturerlebnisse, herzhaftem Genuss und unvergesslichen Momenten.<\/div><div>Unser Tag begann mit einem deftigen Fr\u00fchst\u00fcck im Redselig. Gut gest\u00e4rkt machten wir uns auf den Weg zum K\u00f6nigssee. Die atemberaubende Sch\u00f6nheit des Sees und der umliegenden Berge versetzte uns in Staunen. Eine Bootsfahrt \u00fcber den klaren See lie\u00df uns die frische Bergluft und die beeindruckende Landschaft genie\u00dfen.<\/div><div>Nach der Bootsfahrt kehrten wir in eine urige Almh\u00fctte ein, wo wir mit einer herzhaften Jause verw\u00f6hnt wurden. Frisches Brot, k\u00f6stlicher K\u00e4se, deftiger Speck und andere regionale Spezialit\u00e4ten lie\u00dfen uns das Wasser im Mund zusammenlaufen.<\/div><div>Bevor wir nach Hause fuhren, machten wir einen letzten Stopp beim De Martin in Laufen. Dort g\u00f6nnten sich die meisten von uns noch einen Absacker und lie\u00dfen den Ausflug gem\u00fctlich ausklingen. Das charmante Ambiente, die herzliche Atmosph\u00e4re des Berchtesgadener Land und nette Menschen, waren verantwortlich, dass wir uns rundum wohl f\u00fchlten.<\/div><div>Es war ein unvergesslicher Betriebsausflug, der uns die Sch\u00f6nheit der Natur zeigte und den Teamgeist st\u00e4rkte.<\/div><div>Herzliche Gr\u00fc\u00dfe,<\/div><div>Das Steuerkanzlei Schauer Team<\/div>\t\t\t\t\t\t\t\t<\/div>\n\t\t\t\t<\/div>\n\t\t\t\t\t<\/div>\n\t\t<\/div>\n\t\t\t\t\t<\/div>\n\t\t<\/section>\n\t\t\t\t\t<\/div>\n\t\t<\/div>\n\t\t\t\t\t<\/div>\n\t\t<\/section>\n\t\t\t\t<section class=\"elementor-section elementor-top-section elementor-element elementor-element-1b8f2e2 elementor-section-height-min-height elementor-section-full_width elementor-section-height-default elementor-section-items-middle\" data-id=\"1b8f2e2\" data-element_type=\"section\" data-e-type=\"section\" data-settings=\"{&quot;background_background&quot;:&quot;classic&quot;}\">\n\t\t\t\t\t\t<div class=\"elementor-container elementor-column-gap-no\">\n\t\t\t\t\t<div class=\"elementor-column elementor-col-100 elementor-top-column elementor-element elementor-element-0c99b84\" data-id=\"0c99b84\" data-element_type=\"column\" data-e-type=\"column\">\n\t\t\t<div class=\"elementor-widget-wrap elementor-element-populated\">\n\t\t\t\t\t\t<section class=\"elementor-section elementor-inner-section elementor-element elementor-element-c041df4 elementor-section-full_width elementor-section-height-default elementor-section-height-default\" data-id=\"c041df4\" data-element_type=\"section\" data-e-type=\"section\">\n\t\t\t\t\t\t<div class=\"elementor-container elementor-column-gap-no\">\n\t\t\t\t\t<div class=\"elementor-column elementor-col-50 elementor-inner-column elementor-element elementor-element-1218354\" data-id=\"1218354\" data-element_type=\"column\" data-e-type=\"column\">\n\t\t\t<div class=\"elementor-widget-wrap elementor-element-populated\">\n\t\t\t\t\t\t<div class=\"elementor-element elementor-element-6daf97a elementor-widget elementor-widget-heading\" data-id=\"6daf97a\" data-element_type=\"widget\" data-e-type=\"widget\" data-widget_type=\"heading.default\">\n\t\t\t\t<div class=\"elementor-widget-container\">\n\t\t\t\t\t<h2 class=\"elementor-heading-title elementor-size-default\">Wir sind uns fast sicher...Sie passen zu unserem Team. Sie auch? <\/h2>\t\t\t\t<\/div>\n\t\t\t\t<\/div>\n\t\t\t\t<div class=\"elementor-element elementor-element-bdeaafc elementor-widget__width-initial elementor-widget elementor-widget-text-editor\" data-id=\"bdeaafc\" data-element_type=\"widget\" data-e-type=\"widget\" data-widget_type=\"text-editor.default\">\n\t\t\t\t<div class=\"elementor-widget-container\">\n\t\t\t\t\t\t\t\t\t<p>Wenn Sie auf der Suche nach neuen Aufgabe oder neuen beruflichen Herausforderungen sind, <a href=\"https:\/\/schauer-steuerkanzlei.de\/?page_id=66\">dann klicken Sie bitte hier oder auf den Reiter &#8222;Karriere&#8220;<\/a><\/p>\t\t\t\t\t\t\t\t<\/div>\n\t\t\t\t<\/div>\n\t\t\t\t\t<\/div>\n\t\t<\/div>\n\t\t\t\t<div class=\"elementor-column elementor-col-50 elementor-inner-column elementor-element elementor-element-e4a4f0e\" data-id=\"e4a4f0e\" data-element_type=\"column\" data-e-type=\"column\">\n\t\t\t<div class=\"elementor-widget-wrap elementor-element-populated\">\n\t\t\t\t\t\t<div class=\"elementor-element elementor-element-3af3ad7 elementor-widget elementor-widget-image\" data-id=\"3af3ad7\" data-element_type=\"widget\" data-e-type=\"widget\" data-widget_type=\"image.default\">\n\t\t\t\t<div class=\"elementor-widget-container\">\n\t\t\t\t\t\t\t\t\t\t\t\t\t\t\t<img decoding=\"async\" width=\"800\" height=\"325\" src=\"https:\/\/www.schauer-steuerkanzlei.de\/wp-content\/uploads\/2023\/06\/Sie-passen-in-unser-Team-1024x416.jpg\" class=\"elementor-animation-bob attachment-large size-large wp-image-1362\" alt=\"\" srcset=\"https:\/\/www.schauer-steuerkanzlei.de\/wp-content\/uploads\/2023\/06\/Sie-passen-in-unser-Team-1024x416.jpg 1024w, https:\/\/www.schauer-steuerkanzlei.de\/wp-content\/uploads\/2023\/06\/Sie-passen-in-unser-Team-300x122.jpg 300w, https:\/\/www.schauer-steuerkanzlei.de\/wp-content\/uploads\/2023\/06\/Sie-passen-in-unser-Team-768x312.jpg 768w, https:\/\/www.schauer-steuerkanzlei.de\/wp-content\/uploads\/2023\/06\/Sie-passen-in-unser-Team-1536x623.jpg 1536w, https:\/\/www.schauer-steuerkanzlei.de\/wp-content\/uploads\/2023\/06\/Sie-passen-in-unser-Team-2048x831.jpg 2048w\" sizes=\"(max-width: 800px) 100vw, 800px\" \/>\t\t\t\t\t\t\t\t\t\t\t\t\t\t\t<\/div>\n\t\t\t\t<\/div>\n\t\t\t\t\t<\/div>\n\t\t<\/div>\n\t\t\t\t\t<\/div>\n\t\t<\/section>\n\t\t\t\t\t<\/div>\n\t\t<\/div>\n\t\t\t\t\t<\/div>\n\t\t<\/section>\n\t\t\t\t<section class=\"elementor-section elementor-top-section elementor-element elementor-element-462d7b9 elementor-section-height-min-height elementor-section-full_width elementor-section-height-default elementor-section-items-middle\" data-id=\"462d7b9\" data-element_type=\"section\" data-e-type=\"section\" data-settings=\"{&quot;background_background&quot;:&quot;classic&quot;}\">\n\t\t\t\t\t\t<div class=\"elementor-container elementor-column-gap-no\">\n\t\t\t\t\t<div class=\"elementor-column elementor-col-100 elementor-top-column elementor-element elementor-element-54f8140\" data-id=\"54f8140\" data-element_type=\"column\" data-e-type=\"column\">\n\t\t\t<div class=\"elementor-widget-wrap elementor-element-populated\">\n\t\t\t\t\t\t<section class=\"elementor-section elementor-inner-section elementor-element elementor-element-344926d elementor-reverse-mobile elementor-section-full_width elementor-section-height-default elementor-section-height-default\" data-id=\"344926d\" data-element_type=\"section\" data-e-type=\"section\">\n\t\t\t\t\t\t<div class=\"elementor-container elementor-column-gap-no\">\n\t\t\t\t\t<div class=\"elementor-column elementor-col-50 elementor-inner-column elementor-element elementor-element-43bc0d5\" data-id=\"43bc0d5\" data-element_type=\"column\" data-e-type=\"column\">\n\t\t\t<div class=\"elementor-widget-wrap elementor-element-populated\">\n\t\t\t\t\t\t<div class=\"elementor-element elementor-element-9a0d4d5 elementor-widget elementor-widget-image\" data-id=\"9a0d4d5\" data-element_type=\"widget\" data-e-type=\"widget\" data-widget_type=\"image.default\">\n\t\t\t\t<div class=\"elementor-widget-container\">\n\t\t\t\t\t\t\t\t\t\t\t\t\t\t\t<img decoding=\"async\" width=\"800\" height=\"519\" src=\"https:\/\/www.schauer-steuerkanzlei.de\/wp-content\/uploads\/2023\/06\/Mouse_rock-1024x664.jpg\" class=\"elementor-animation-bob attachment-large size-large wp-image-1361\" alt=\"\" srcset=\"https:\/\/www.schauer-steuerkanzlei.de\/wp-content\/uploads\/2023\/06\/Mouse_rock-1024x664.jpg 1024w, https:\/\/www.schauer-steuerkanzlei.de\/wp-content\/uploads\/2023\/06\/Mouse_rock-300x195.jpg 300w, https:\/\/www.schauer-steuerkanzlei.de\/wp-content\/uploads\/2023\/06\/Mouse_rock-768x498.jpg 768w, https:\/\/www.schauer-steuerkanzlei.de\/wp-content\/uploads\/2023\/06\/Mouse_rock-1536x997.jpg 1536w, https:\/\/www.schauer-steuerkanzlei.de\/wp-content\/uploads\/2023\/06\/Mouse_rock-2048x1329.jpg 2048w\" sizes=\"(max-width: 800px) 100vw, 800px\" \/>\t\t\t\t\t\t\t\t\t\t\t\t\t\t\t<\/div>\n\t\t\t\t<\/div>\n\t\t\t\t\t<\/div>\n\t\t<\/div>\n\t\t\t\t<div class=\"elementor-column elementor-col-50 elementor-inner-column elementor-element elementor-element-c40741d\" data-id=\"c40741d\" data-element_type=\"column\" data-e-type=\"column\">\n\t\t\t<div class=\"elementor-widget-wrap elementor-element-populated\">\n\t\t\t\t\t\t<div class=\"elementor-element elementor-element-651a8c9 elementor-widget elementor-widget-heading\" data-id=\"651a8c9\" data-element_type=\"widget\" data-e-type=\"widget\" data-widget_type=\"heading.default\">\n\t\t\t\t<div class=\"elementor-widget-container\">\n\t\t\t\t\t<h2 class=\"elementor-heading-title elementor-size-default\">Downloads<\/h2>\t\t\t\t<\/div>\n\t\t\t\t<\/div>\n\t\t\t\t<div class=\"elementor-element elementor-element-43dda94 elementor-widget elementor-widget-text-editor\" data-id=\"43dda94\" data-element_type=\"widget\" data-e-type=\"widget\" data-widget_type=\"text-editor.default\">\n\t\t\t\t<div class=\"elementor-widget-container\">\n\t\t\t\t\t\t\t\t\t<p>Hier finden Sie aktuelle Dokumente zum Downloaden<\/p>\t\t\t\t\t\t\t\t<\/div>\n\t\t\t\t<\/div>\n\t\t\t\t<div class=\"elementor-element elementor-element-8162a86 elementor-widget elementor-widget-button\" data-id=\"8162a86\" data-element_type=\"widget\" data-e-type=\"widget\" data-widget_type=\"button.default\">\n\t\t\t\t<div class=\"elementor-widget-container\">\n\t\t\t\t\t\t\t\t\t<div class=\"elementor-button-wrapper\">\n\t\t\t\t\t<a class=\"elementor-button elementor-button-link elementor-size-sm\" href=\"https:\/\/schauer-steuerkanzlei.de\/?page_id=76#\">\n\t\t\t\t\t\t<span class=\"elementor-button-content-wrapper\">\n\t\t\t\t\t\t\t\t\t<span class=\"elementor-button-text\">Downloads<\/span>\n\t\t\t\t\t<\/span>\n\t\t\t\t\t<\/a>\n\t\t\t\t<\/div>\n\t\t\t\t\t\t\t\t<\/div>\n\t\t\t\t<\/div>\n\t\t\t\t\t<\/div>\n\t\t<\/div>\n\t\t\t\t\t<\/div>\n\t\t<\/section>\n\t\t\t\t\t<\/div>\n\t\t<\/div>\n\t\t\t\t\t<\/div>\n\t\t<\/section>\n\t\t\t\t<section class=\"elementor-section elementor-top-section elementor-element elementor-element-7879224 elementor-section-boxed elementor-section-height-default elementor-section-height-default\" data-id=\"7879224\" data-element_type=\"section\" data-e-type=\"section\">\n\t\t\t\t\t\t<div class=\"elementor-container elementor-column-gap-default\">\n\t\t\t\t\t<div class=\"elementor-column elementor-col-100 elementor-top-column elementor-element elementor-element-cfef5fb\" data-id=\"cfef5fb\" data-element_type=\"column\" data-e-type=\"column\">\n\t\t\t<div class=\"elementor-widget-wrap elementor-element-populated\">\n\t\t\t\t\t\t\t<\/div>\n\t\t<\/div>\n\t\t\t\t\t<\/div>\n\t\t<\/section>\n\t\t\t\t<\/div>\n\t\t","protected":false},"excerpt":{"rendered":"<p>Steuerkanzlei Schauer GmbH &amp; Co. KG Ihre Steuernim Blick Herzlich Willkommen!\u00a0 Der Beruf des Steuerberaters Die Zukunft des Steuerberatungsberufs: Digital, dynamisch und dringend gesucht!In der heutigen schnelllebigen, digitalen \u00c4ra hat sich die Landschaft der Finanz- und Steuerwelt drastisch ver\u00e4ndert. Diese Ver\u00e4nderungen bringen sowohl Herausforderungen als auch immense Chancen mit sich, insbesondere f\u00fcr diejenigen, die sich [&hellip;]<\/p>\n","protected":false},"author":1,"featured_media":1399,"parent":0,"menu_order":0,"comment_status":"closed","ping_status":"closed","template":"elementor_header_footer","meta":{"footnotes":""},"class_list":["post-8","page","type-page","status-publish","has-post-thumbnail","hentry"],"_links":{"self":[{"href":"https:\/\/www.schauer-steuerkanzlei.de\/index.php?rest_route=\/wp\/v2\/pages\/8","targetHints":{"allow":["GET"]}}],"collection":[{"href":"https:\/\/www.schauer-steuerkanzlei.de\/index.php?rest_route=\/wp\/v2\/pages"}],"about":[{"href":"https:\/\/www.schauer-steuerkanzlei.de\/index.php?rest_route=\/wp\/v2\/types\/page"}],"author":[{"embeddable":true,"href":"https:\/\/www.schauer-steuerkanzlei.de\/index.php?rest_route=\/wp\/v2\/users\/1"}],"replies":[{"embeddable":true,"href":"https:\/\/www.schauer-steuerkanzlei.de\/index.php?rest_route=%2Fwp%2Fv2%2Fcomments&post=8"}],"version-history":[{"count":253,"href":"https:\/\/www.schauer-steuerkanzlei.de\/index.php?rest_route=\/wp\/v2\/pages\/8\/revisions"}],"predecessor-version":[{"id":1688,"href":"https:\/\/www.schauer-steuerkanzlei.de\/index.php?rest_route=\/wp\/v2\/pages\/8\/revisions\/1688"}],"wp:featuredmedia":[{"embeddable":true,"href":"https:\/\/www.schauer-steuerkanzlei.de\/index.php?rest_route=\/wp\/v2\/media\/1399"}],"wp:attachment":[{"href":"https:\/\/www.schauer-steuerkanzlei.de\/index.php?rest_route=%2Fwp%2Fv2%2Fmedia&parent=8"}],"curies":[{"name":"wp","href":"https:\/\/api.w.org\/{rel}","templated":true}]}}