{"id":56,"date":"2023-02-13T08:53:07","date_gmt":"2023-02-13T08:53:07","guid":{"rendered":"http:\/\/schauer-steuerkanzlei.de\/?page_id=56"},"modified":"2026-01-05T15:30:05","modified_gmt":"2026-01-05T15:30:05","slug":"unternehmen","status":"publish","type":"page","link":"https:\/\/www.schauer-steuerkanzlei.de\/","title":{"rendered":"Unternehmen"},"content":{"rendered":"\t\t<div data-elementor-type=\"wp-page\" data-elementor-id=\"56\" class=\"elementor elementor-56\" data-elementor-post-type=\"page\">\n\t\t\t\t\t\t<section class=\"elementor-section elementor-top-section elementor-element elementor-element-ebeac96 elementor-section-height-min-height elementor-section-full_width elementor-section-height-default elementor-section-items-middle\" data-id=\"ebeac96\" data-element_type=\"section\" data-e-type=\"section\" data-settings=\"{&quot;background_background&quot;:&quot;classic&quot;,&quot;shape_divider_bottom&quot;:&quot;waves&quot;,&quot;shape_divider_bottom_negative&quot;:&quot;yes&quot;}\">\n\t\t\t\t\t\t\t<div class=\"elementor-background-overlay\"><\/div>\n\t\t\t\t\t\t<div class=\"elementor-shape elementor-shape-bottom\" aria-hidden=\"true\" data-negative=\"true\">\n\t\t\t<svg xmlns=\"http:\/\/www.w3.org\/2000\/svg\" viewBox=\"0 0 1000 100\" preserveAspectRatio=\"none\">\n\t<path class=\"elementor-shape-fill\" d=\"M790.5,93.1c-59.3-5.3-116.8-18-192.6-50c-29.6-12.7-76.9-31-100.5-35.9c-23.6-4.9-52.6-7.8-75.5-5.3\n\tc-10.2,1.1-22.6,1.4-50.1,7.4c-27.2,6.3-58.2,16.6-79.4,24.7c-41.3,15.9-94.9,21.9-134,22.6C72,58.2,0,25.8,0,25.8V100h1000V65.3\n\tc0,0-51.5,19.4-106.2,25.7C839.5,97,814.1,95.2,790.5,93.1z\"\/>\n<\/svg>\t\t<\/div>\n\t\t\t\t\t<div class=\"elementor-container elementor-column-gap-default\">\n\t\t\t\t\t<div class=\"elementor-column elementor-col-100 elementor-top-column elementor-element elementor-element-6e6a63fb elementor-invisible\" data-id=\"6e6a63fb\" data-element_type=\"column\" data-e-type=\"column\" data-settings=\"{&quot;animation&quot;:&quot;fadeInLeft&quot;}\">\n\t\t\t<div class=\"elementor-widget-wrap elementor-element-populated\">\n\t\t\t\t\t\t<div class=\"elementor-element elementor-element-2ad00bcb elementor-widget elementor-widget-heading\" data-id=\"2ad00bcb\" data-element_type=\"widget\" data-e-type=\"widget\" data-widget_type=\"heading.default\">\n\t\t\t\t<div class=\"elementor-widget-container\">\n\t\t\t\t\t<h2 class=\"elementor-heading-title elementor-size-default\">Steuerkanzlei Schauer GmbH &amp; Co. KG<\/h2>\t\t\t\t<\/div>\n\t\t\t\t<\/div>\n\t\t\t\t<div class=\"elementor-element elementor-element-7fb1b032 elementor-widget elementor-widget-heading\" data-id=\"7fb1b032\" data-element_type=\"widget\" data-e-type=\"widget\" data-widget_type=\"heading.default\">\n\t\t\t\t<div class=\"elementor-widget-container\">\n\t\t\t\t\t<h2 class=\"elementor-heading-title elementor-size-default\">Wir sind f\u00fcr Sie da!<\/h2>\t\t\t\t<\/div>\n\t\t\t\t<\/div>\n\t\t\t\t\t<\/div>\n\t\t<\/div>\n\t\t\t\t\t<\/div>\n\t\t<\/section>\n\t\t\t\t<section class=\"elementor-section elementor-top-section elementor-element elementor-element-1872e7e elementor-section-full_width elementor-section-height-min-height elementor-section-height-default elementor-section-items-middle\" data-id=\"1872e7e\" data-element_type=\"section\" data-e-type=\"section\" data-settings=\"{&quot;background_background&quot;:&quot;classic&quot;}\">\n\t\t\t\t\t\t<div class=\"elementor-container elementor-column-gap-default\">\n\t\t\t\t\t<div class=\"elementor-column elementor-col-100 elementor-top-column elementor-element elementor-element-4459e8a elementor-invisible\" data-id=\"4459e8a\" data-element_type=\"column\" data-e-type=\"column\" data-settings=\"{&quot;animation&quot;:&quot;fadeInLeft&quot;}\">\n\t\t\t<div class=\"elementor-widget-wrap elementor-element-populated\">\n\t\t\t\t\t\t<section class=\"elementor-section elementor-inner-section elementor-element elementor-element-fdf5b9c elementor-section-full_width elementor-section-height-default elementor-section-height-default\" data-id=\"fdf5b9c\" data-element_type=\"section\" data-e-type=\"section\">\n\t\t\t\t\t\t<div class=\"elementor-container elementor-column-gap-no\">\n\t\t\t\t\t<div class=\"elementor-column elementor-col-50 elementor-inner-column elementor-element elementor-element-29ea5e5\" data-id=\"29ea5e5\" data-element_type=\"column\" data-e-type=\"column\">\n\t\t\t<div class=\"elementor-widget-wrap elementor-element-populated\">\n\t\t\t\t\t\t<div class=\"elementor-element elementor-element-320fb3ad elementor-widget elementor-widget-heading\" data-id=\"320fb3ad\" data-element_type=\"widget\" data-e-type=\"widget\" data-widget_type=\"heading.default\">\n\t\t\t\t<div class=\"elementor-widget-container\">\n\t\t\t\t\t<h2 class=\"elementor-heading-title elementor-size-default\">Die Steuerkanzlei Schauer\nGmbH &amp; Co. KG <\/h2>\t\t\t\t<\/div>\n\t\t\t\t<\/div>\n\t\t\t\t<div class=\"elementor-element elementor-element-259fad44 elementor-widget__width-initial elementor-widget elementor-widget-text-editor\" data-id=\"259fad44\" data-element_type=\"widget\" data-e-type=\"widget\" data-widget_type=\"text-editor.default\">\n\t\t\t\t<div class=\"elementor-widget-container\">\n\t\t\t\t\t\t\t\t\t<p>Die Welt des deutschen Steuerrechts wird zunehmend komplexer. Aktuelle wie vergangene Reformen konnten zu keiner Vereinfachung beitragen. Professionelle Betreuung wird dadurch umso wichtiger.<\/p><p>Wir beraten erfolgreich Unternehmer, ebenso wie Existenzgr\u00fcnder, wir f\u00fchren fachliche T\u00e4tigkeiten wie Buchhaltung und Jahresabschluss durch und helfen Ihnen als \u201eprivater Steuerzahler\u201c!<\/p><p>Sie sind sehr herzlich zu einem pers\u00f6nlichen Gespr\u00e4ch eingeladen, um gemeinsam herauszufinden, was wir f\u00fcr Sie tun k\u00f6nnen. Wir freuen uns auf Ihren Anruf oder Ihre Email.<\/p>\t\t\t\t\t\t\t\t<\/div>\n\t\t\t\t<\/div>\n\t\t\t\t\t<\/div>\n\t\t<\/div>\n\t\t\t\t<div class=\"elementor-column elementor-col-50 elementor-inner-column elementor-element elementor-element-788f0481\" data-id=\"788f0481\" data-element_type=\"column\" data-e-type=\"column\">\n\t\t\t<div class=\"elementor-widget-wrap elementor-element-populated\">\n\t\t\t\t\t\t<div class=\"elementor-element elementor-element-50e71547 elementor-widget elementor-widget-image\" data-id=\"50e71547\" data-element_type=\"widget\" data-e-type=\"widget\" data-widget_type=\"image.default\">\n\t\t\t\t<div class=\"elementor-widget-container\">\n\t\t\t\t\t\t\t\t\t\t\t\t\t\t\t<img decoding=\"async\" src=\"https:\/\/www.schauer-steuerkanzlei.de\/wp-content\/uploads\/elementor\/thumbs\/eingang2015-1-q6i2aj5p5uayy3ahouegqjwfiumy93exr9213bzw2k.png\" title=\"eingang2015\" alt=\"eingang2015\" class=\"elementor-animation-bob\" loading=\"lazy\" \/>\t\t\t\t\t\t\t\t\t\t\t\t\t\t\t<\/div>\n\t\t\t\t<\/div>\n\t\t\t\t\t<\/div>\n\t\t<\/div>\n\t\t\t\t\t<\/div>\n\t\t<\/section>\n\t\t\t\t\t<\/div>\n\t\t<\/div>\n\t\t\t\t\t<\/div>\n\t\t<\/section>\n\t\t\t\t<section class=\"elementor-section elementor-top-section elementor-element elementor-element-4af5c66 elementor-section-full_width elementor-section-height-min-height elementor-section-height-default elementor-section-items-middle\" data-id=\"4af5c66\" data-element_type=\"section\" data-e-type=\"section\" data-settings=\"{&quot;background_background&quot;:&quot;classic&quot;}\">\n\t\t\t\t\t\t<div class=\"elementor-container elementor-column-gap-default\">\n\t\t\t\t\t<div class=\"elementor-column elementor-col-100 elementor-top-column elementor-element elementor-element-c1391dd elementor-invisible\" data-id=\"c1391dd\" data-element_type=\"column\" data-e-type=\"column\" data-settings=\"{&quot;animation&quot;:&quot;fadeInLeft&quot;}\">\n\t\t\t<div class=\"elementor-widget-wrap elementor-element-populated\">\n\t\t\t\t\t\t<section class=\"elementor-section elementor-inner-section elementor-element elementor-element-bd1d73f elementor-reverse-mobile elementor-section-full_width elementor-section-height-default elementor-section-height-default\" data-id=\"bd1d73f\" data-element_type=\"section\" data-e-type=\"section\">\n\t\t\t\t\t\t<div class=\"elementor-container elementor-column-gap-no\">\n\t\t\t\t\t<div class=\"elementor-column elementor-col-50 elementor-inner-column elementor-element elementor-element-fd14aca\" data-id=\"fd14aca\" data-element_type=\"column\" data-e-type=\"column\">\n\t\t\t<div class=\"elementor-widget-wrap elementor-element-populated\">\n\t\t\t\t\t\t<div class=\"elementor-element elementor-element-c35a760 elementor-widget elementor-widget-image\" data-id=\"c35a760\" data-element_type=\"widget\" data-e-type=\"widget\" data-widget_type=\"image.default\">\n\t\t\t\t<div class=\"elementor-widget-container\">\n\t\t\t\t\t\t\t\t\t\t\t\t\t\t\t<img decoding=\"async\" src=\"https:\/\/www.schauer-steuerkanzlei.de\/wp-content\/uploads\/elementor\/thumbs\/Blogbild_Checkliste_GmbH1-q6i2al1djidjlb7rdv7pvjfcpmdoohmefid01vx3q4.jpg\" title=\"Blogbild_Checkliste_GmbH(1)\" alt=\"Blogbild_Checkliste_GmbH(1)\" class=\"elementor-animation-bob\" loading=\"lazy\" \/>\t\t\t\t\t\t\t\t\t\t\t\t\t\t\t<\/div>\n\t\t\t\t<\/div>\n\t\t\t\t\t<\/div>\n\t\t<\/div>\n\t\t\t\t<div class=\"elementor-column elementor-col-50 elementor-inner-column elementor-element elementor-element-0b435d6\" data-id=\"0b435d6\" data-element_type=\"column\" data-e-type=\"column\">\n\t\t\t<div class=\"elementor-widget-wrap elementor-element-populated\">\n\t\t\t\t\t\t<div class=\"elementor-element elementor-element-4e2b7f4 elementor-widget elementor-widget-heading\" data-id=\"4e2b7f4\" data-element_type=\"widget\" data-e-type=\"widget\" data-widget_type=\"heading.default\">\n\t\t\t\t<div class=\"elementor-widget-container\">\n\t\t\t\t\t<h2 class=\"elementor-heading-title elementor-size-default\">Optimale Betreuung der Mandate\n\n<\/h2>\t\t\t\t<\/div>\n\t\t\t\t<\/div>\n\t\t\t\t<div class=\"elementor-element elementor-element-b173873 elementor-widget elementor-widget-text-editor\" data-id=\"b173873\" data-element_type=\"widget\" data-e-type=\"widget\" data-widget_type=\"text-editor.default\">\n\t\t\t\t<div class=\"elementor-widget-container\">\n\t\t\t\t\t\t\t\t\t<p>Ziel ist die qualifizierte Beratung unter dem Aspekt der Qualit\u00e4tssicherung- und Verbesserung. Um diese Ziele zu verwirklichen setzt die Steuerkanzlei auf modernste<br \/>EDV-Technologie mit der konsequenten Schulung und Fortbildung der Mitarbeiter, sowohl durch firmeninterne Aus- und Weiterbildungen, als auch durch berufsbegleitende Zusatzausbildungen.<\/p><p>Der pers\u00f6nliche Kontakt und die individuelle Betreuung in allen steuerlichen Belangen stehen immer im Mittelpunkt. Daf\u00fcr steht das gesamte Team.<\/p><p>Sie sind sehr herzlich zu einem pers\u00f6nlichen Gespr\u00e4ch eingeladen, um gemeinsam herauszufinden, was wir f\u00fcr Sie tun k\u00f6nnen. Wir freuen uns auf Ihren Anruf oder Ihre Email.<\/p>\t\t\t\t\t\t\t\t<\/div>\n\t\t\t\t<\/div>\n\t\t\t\t\t<\/div>\n\t\t<\/div>\n\t\t\t\t\t<\/div>\n\t\t<\/section>\n\t\t\t\t\t<\/div>\n\t\t<\/div>\n\t\t\t\t\t<\/div>\n\t\t<\/section>\n\t\t\t\t<section class=\"elementor-section elementor-top-section elementor-element elementor-element-7c77acc elementor-section-full_width elementor-section-height-min-height elementor-section-height-default elementor-section-items-middle\" data-id=\"7c77acc\" data-element_type=\"section\" data-e-type=\"section\" data-settings=\"{&quot;background_background&quot;:&quot;classic&quot;}\">\n\t\t\t\t\t\t<div class=\"elementor-container elementor-column-gap-default\">\n\t\t\t\t\t<div class=\"elementor-column elementor-col-100 elementor-top-column elementor-element elementor-element-296d2fa elementor-invisible\" data-id=\"296d2fa\" data-element_type=\"column\" data-e-type=\"column\" data-settings=\"{&quot;animation&quot;:&quot;fadeInLeft&quot;}\">\n\t\t\t<div class=\"elementor-widget-wrap elementor-element-populated\">\n\t\t\t\t\t\t<section class=\"elementor-section elementor-inner-section elementor-element elementor-element-c578eab elementor-section-full_width elementor-section-height-default elementor-section-height-default\" data-id=\"c578eab\" data-element_type=\"section\" data-e-type=\"section\">\n\t\t\t\t\t\t<div class=\"elementor-container elementor-column-gap-no\">\n\t\t\t\t\t<div class=\"elementor-column elementor-col-50 elementor-inner-column elementor-element elementor-element-a729e43\" data-id=\"a729e43\" data-element_type=\"column\" data-e-type=\"column\">\n\t\t\t<div class=\"elementor-widget-wrap elementor-element-populated\">\n\t\t\t\t\t\t<div class=\"elementor-element elementor-element-4967d23 elementor-widget elementor-widget-heading\" data-id=\"4967d23\" data-element_type=\"widget\" data-e-type=\"widget\" data-widget_type=\"heading.default\">\n\t\t\t\t<div class=\"elementor-widget-container\">\n\t\t\t\t\t<h2 class=\"elementor-heading-title elementor-size-default\">Wir machen Sie digital <\/h2>\t\t\t\t<\/div>\n\t\t\t\t<\/div>\n\t\t\t\t<div class=\"elementor-element elementor-element-87e5a0d elementor-widget elementor-widget-text-editor\" data-id=\"87e5a0d\" data-element_type=\"widget\" data-e-type=\"widget\" data-widget_type=\"text-editor.default\">\n\t\t\t\t<div class=\"elementor-widget-container\">\n\t\t\t\t\t\t\t\t\t<p>Um unsere Mandanten bestm\u00f6glich bei der digitalen Transformation zu unterst\u00fctzen und ihnen dabei zu helfen, ihre Prozesse zu optimieren und effizienter zu gestalten.<\/p><p>Dazu bieten wir unter anderem eine Vielzahl von digitalen Dienstleistungen an, wie z.B. die elektronische Buchhaltung, digitale Lohn- und Gehaltsabrechnung, digitale Archivierung und vieles mehr. Unsere Mandanten profitieren dabei von einer h\u00f6heren Transparenz, einer schnelleren Bearbeitungsdauer und einer h\u00f6heren Qualit\u00e4t der Daten.<\/p><p>Wir setzen dabei auf innovative Technologien und legen gro\u00dfen Wert auf die Datensicherheit und den Datenschutz unserer Mandanten. Unsere Mitarbeiter werden regelm\u00e4\u00dfig geschult und sind immer auf dem neuesten Stand der Technik, um eine bestm\u00f6gliche Beratung und Unterst\u00fctzung zu gew\u00e4hrleisten.<\/p><p>Wir sind stolz darauf, dass wir unseren Mandanten dabei helfen k\u00f6nnen, ihr Unternehmen erfolgreich in die Zukunft zu f\u00fchren und die Herausforderungen des digitalen Wandels erfolgreich zu meistern.<\/p>\t\t\t\t\t\t\t\t<\/div>\n\t\t\t\t<\/div>\n\t\t\t\t\t<\/div>\n\t\t<\/div>\n\t\t\t\t<div class=\"elementor-column elementor-col-50 elementor-inner-column elementor-element elementor-element-230ac40\" data-id=\"230ac40\" data-element_type=\"column\" data-e-type=\"column\">\n\t\t\t<div class=\"elementor-widget-wrap elementor-element-populated\">\n\t\t\t\t\t\t<div class=\"elementor-element elementor-element-e7dd70a elementor-widget elementor-widget-image\" data-id=\"e7dd70a\" data-element_type=\"widget\" data-e-type=\"widget\" data-widget_type=\"image.default\">\n\t\t\t\t<div class=\"elementor-widget-container\">\n\t\t\t\t\t\t\t\t\t\t\t\t\t\t\t<img decoding=\"async\" src=\"https:\/\/www.schauer-steuerkanzlei.de\/wp-content\/uploads\/elementor\/thumbs\/1000_F_192825974_quWLQ3jSk7b7k85cRLyAufts3VukEJ7u-e1680599550799-q6i2al1djidjlb7rdv7pvjfcpmdoohmefid01vx3q4.jpg\" title=\"1000_F_192825974_quWLQ3jSk7b7k85cRLyAufts3VukEJ7u\" alt=\"1000_F_192825974_quWLQ3jSk7b7k85cRLyAufts3VukEJ7u\" class=\"elementor-animation-bob\" loading=\"lazy\" \/>\t\t\t\t\t\t\t\t\t\t\t\t\t\t\t<\/div>\n\t\t\t\t<\/div>\n\t\t\t\t\t<\/div>\n\t\t<\/div>\n\t\t\t\t\t<\/div>\n\t\t<\/section>\n\t\t\t\t\t<\/div>\n\t\t<\/div>\n\t\t\t\t\t<\/div>\n\t\t<\/section>\n\t\t\t\t<\/div>\n\t\t","protected":false},"excerpt":{"rendered":"<p>Steuerkanzlei Schauer GmbH &amp; Co. KG Wir sind f\u00fcr Sie da! Die Steuerkanzlei Schauer GmbH &amp; Co. KG Die Welt des deutschen Steuerrechts wird zunehmend komplexer. Aktuelle wie vergangene Reformen konnten zu keiner Vereinfachung beitragen. Professionelle Betreuung wird dadurch umso wichtiger. Wir beraten erfolgreich Unternehmer, ebenso wie Existenzgr\u00fcnder, wir f\u00fchren fachliche T\u00e4tigkeiten wie Buchhaltung und [&hellip;]<\/p>\n","protected":false},"author":1,"featured_media":0,"parent":0,"menu_order":1,"comment_status":"closed","ping_status":"closed","template":"","meta":{"footnotes":""},"class_list":["post-56","page","type-page","status-publish","hentry"],"_links":{"self":[{"href":"https:\/\/www.schauer-steuerkanzlei.de\/index.php?rest_route=\/wp\/v2\/pages\/56","targetHints":{"allow":["GET"]}}],"collection":[{"href":"https:\/\/www.schauer-steuerkanzlei.de\/index.php?rest_route=\/wp\/v2\/pages"}],"about":[{"href":"https:\/\/www.schauer-steuerkanzlei.de\/index.php?rest_route=\/wp\/v2\/types\/page"}],"author":[{"embeddable":true,"href":"https:\/\/www.schauer-steuerkanzlei.de\/index.php?rest_route=\/wp\/v2\/users\/1"}],"replies":[{"embeddable":true,"href":"https:\/\/www.schauer-steuerkanzlei.de\/index.php?rest_route=%2Fwp%2Fv2%2Fcomments&post=56"}],"version-history":[{"count":232,"href":"https:\/\/www.schauer-steuerkanzlei.de\/index.php?rest_route=\/wp\/v2\/pages\/56\/revisions"}],"predecessor-version":[{"id":1907,"href":"https:\/\/www.schauer-steuerkanzlei.de\/index.php?rest_route=\/wp\/v2\/pages\/56\/revisions\/1907"}],"wp:attachment":[{"href":"https:\/\/www.schauer-steuerkanzlei.de\/index.php?rest_route=%2Fwp%2Fv2%2Fmedia&parent=56"}],"curies":[{"name":"wp","href":"https:\/\/api.w.org\/{rel}","templated":true}]}}